{"id":168,"date":"2017-01-19T09:36:35","date_gmt":"2017-01-19T09:36:35","guid":{"rendered":"http:\/\/www.immaginarierratici.it\/?p=168"},"modified":"2018-06-13T10:48:46","modified_gmt":"2018-06-13T10:48:46","slug":"la-figura-spettatoriale-dentro-lo-sguardo","status":"publish","type":"page","link":"https:\/\/www.immaginarierratici.it\/?page_id=168","title":{"rendered":"LA FIGURA SPETTATORIALE: DENTRO LO SGUARDO"},"content":{"rendered":"<h2 style=\"text-align: center;\">COSA SI SCAMBIA CON IL PREZZO DEL BIGLIETTO<\/h2>\n<p style=\"text-align: left;\">&#8212; &#8220;Vado al cinema. Entro nel locale. Compro il biglietto e do il mio contributo all\u2019industria cinematografica. Penetro nella sala buia. Trovo il mio posto: centrale, se possibile, e non troppo lontano dallo schermo. Voglio immergermi nelle immagini. Voglio divertirmi, emozionarmi, seguire un racconto, conoscere un mondo. Voglio guardare: voglio capire. Mi siedo: sono disposto ad abbandonarmi alle immagini ed al suono. Aspetto solo di essere affascinato dalle ombre in movimento sullo schermo. Mi abbandono al tempo che scorre. Mi abbandono all\u2019illusione del cinema. Entro in una situazione particolare. Divento una spettatrice o uno spettatore cinematografico.\u201d [Paolo Bertetto\u201cLa macchina cinema\u201d]<\/p>\n<p><a href=\"https:\/\/www.immaginarierratici.it\/wp-content\/uploads\/2017\/01\/spett-1-1.jpg\"><img loading=\"lazy\" decoding=\"async\" class=\"aligncenter wp-image-178\" src=\"https:\/\/www.immaginarierratici.it\/wp-content\/uploads\/2017\/01\/spett-1-1-300x202.jpg\" alt=\"spett 1\" width=\"365\" height=\"246\" srcset=\"https:\/\/www.immaginarierratici.it\/wp-content\/uploads\/2017\/01\/spett-1-1-300x202.jpg 300w, https:\/\/www.immaginarierratici.it\/wp-content\/uploads\/2017\/01\/spett-1-1-768x518.jpg 768w, https:\/\/www.immaginarierratici.it\/wp-content\/uploads\/2017\/01\/spett-1-1-800x539.jpg 800w, https:\/\/www.immaginarierratici.it\/wp-content\/uploads\/2017\/01\/spett-1-1.jpg 850w\" sizes=\"auto, (max-width: 365px) 100vw, 365px\" \/><\/a><\/p>\n<p>Questi i desideri dello spettatore di cinema, di questo incorreggibile fl\u00e2neur delle immagini; questo \u00e8 ci\u00f2 che va a cercare in una sala buia dove ombre sfuggenti ed in movimento si agitano sullo schermo.<\/p>\n<p><a href=\"https:\/\/www.immaginarierratici.it\/wp-content\/uploads\/2017\/01\/spett-6.jpg\"><img loading=\"lazy\" decoding=\"async\" class=\" wp-image-174 aligncenter\" src=\"https:\/\/www.immaginarierratici.it\/wp-content\/uploads\/2017\/01\/spett-6-300x141.jpg\" alt=\"spett 6\" width=\"388\" height=\"183\" srcset=\"https:\/\/www.immaginarierratici.it\/wp-content\/uploads\/2017\/01\/spett-6-300x141.jpg 300w, https:\/\/www.immaginarierratici.it\/wp-content\/uploads\/2017\/01\/spett-6-768x361.jpg 768w, https:\/\/www.immaginarierratici.it\/wp-content\/uploads\/2017\/01\/spett-6-800x376.jpg 800w, https:\/\/www.immaginarierratici.it\/wp-content\/uploads\/2017\/01\/spett-6.jpg 990w\" sizes=\"auto, (max-width: 388px) 100vw, 388px\" \/><\/a><\/p>\n<p>Andiamo al cinema per provare emozioni, per perderci in \u201cquella superficie di niente, fatta di luci e di ombre\u201d, per identificarci con storie e personaggi, per immaginare altre vite, per catalogare ed archiviare esperienze, per vivere piaceri estetici, per raggiungere stadi estatici, per adeguamento culturale, per colmare solitudini, per condividere emozioni\u2026<\/p>\n<p><a href=\"https:\/\/www.immaginarierratici.it\/wp-content\/uploads\/2017\/01\/spett-5.jpg\"><img loading=\"lazy\" decoding=\"async\" class=\"aligncenter wp-image-173\" src=\"https:\/\/www.immaginarierratici.it\/wp-content\/uploads\/2017\/01\/spett-5-300x208.jpg\" alt=\"spett 5\" width=\"367\" height=\"254\" srcset=\"https:\/\/www.immaginarierratici.it\/wp-content\/uploads\/2017\/01\/spett-5-300x208.jpg 300w, https:\/\/www.immaginarierratici.it\/wp-content\/uploads\/2017\/01\/spett-5-768x532.jpg 768w, https:\/\/www.immaginarierratici.it\/wp-content\/uploads\/2017\/01\/spett-5-800x554.jpg 800w, https:\/\/www.immaginarierratici.it\/wp-content\/uploads\/2017\/01\/spett-5.jpg 984w\" sizes=\"auto, (max-width: 367px) 100vw, 367px\" \/><\/a><\/p>\n<p>Ma, rovesciando la prospettiva, c\u2019\u00e8 anche un film che in s\u00e9 ipotizza un interlocutore ideale, ne prefigura tratti e profilo, e lo formatta esplicitando sullo schermo le caratteristiche cui deve adeguarsi, modellando l\u2019apparato percettivo attraverso immagini e suoni, modulando gli investimenti patemici, saturando il bisogno di affabulazione, attivando immaginari utopici\u2026<\/p>\n<p><a href=\"https:\/\/www.immaginarierratici.it\/wp-content\/uploads\/2017\/01\/spett-9.jpeg\"><img loading=\"lazy\" decoding=\"async\" class=\"wp-image-176 aligncenter\" src=\"https:\/\/www.immaginarierratici.it\/wp-content\/uploads\/2017\/01\/spett-9-300x206.jpeg\" alt=\"spett 9\" width=\"333\" height=\"229\" srcset=\"https:\/\/www.immaginarierratici.it\/wp-content\/uploads\/2017\/01\/spett-9-300x206.jpeg 300w, https:\/\/www.immaginarierratici.it\/wp-content\/uploads\/2017\/01\/spett-9.jpeg 450w\" sizes=\"auto, (max-width: 333px) 100vw, 333px\" \/><\/a><\/p>\n<p>&nbsp;<\/p>\n<p style=\"text-align: right;\"><a href=\"https:\/\/www.immaginarierratici.it\/wp-content\/uploads\/2017\/01\/spett-11.jpg\"><img loading=\"lazy\" decoding=\"async\" class=\" wp-image-177 aligncenter\" src=\"https:\/\/www.immaginarierratici.it\/wp-content\/uploads\/2017\/01\/spett-11-300x239.jpg\" alt=\"spett 11\" width=\"351\" height=\"280\" srcset=\"https:\/\/www.immaginarierratici.it\/wp-content\/uploads\/2017\/01\/spett-11-300x239.jpg 300w, https:\/\/www.immaginarierratici.it\/wp-content\/uploads\/2017\/01\/spett-11.jpg 670w\" sizes=\"auto, (max-width: 351px) 100vw, 351px\" \/><\/a><\/p>\n","protected":false},"excerpt":{"rendered":"<p>COSA SI SCAMBIA CON IL PREZZO DEL BIGLIETTO &#8212; &#8220;Vado al cinema. Entro nel locale. Compro il biglietto e do il mio contributo all\u2019industria cinematografica. Penetro nella sala buia. Trovo il mio posto: centrale, se possibile, e non troppo lontano dallo schermo. Voglio immergermi nelle immagini. Voglio divertirmi, emozionarmi, seguire un racconto, conoscere un mondo&#8230;.<\/p>\n","protected":false},"author":2,"featured_media":0,"parent":0,"menu_order":0,"comment_status":"open","ping_status":"open","template":"nosidebar.php","meta":{"footnotes":""},"class_list":["post-168","page","type-page","status-publish","hentry"],"_links":{"self":[{"href":"https:\/\/www.immaginarierratici.it\/index.php?rest_route=\/wp\/v2\/pages\/168","targetHints":{"allow":["GET"]}}],"collection":[{"href":"https:\/\/www.immaginarierratici.it\/index.php?rest_route=\/wp\/v2\/pages"}],"about":[{"href":"https:\/\/www.immaginarierratici.it\/index.php?rest_route=\/wp\/v2\/types\/page"}],"author":[{"embeddable":true,"href":"https:\/\/www.immaginarierratici.it\/index.php?rest_route=\/wp\/v2\/users\/2"}],"replies":[{"embeddable":true,"href":"https:\/\/www.immaginarierratici.it\/index.php?rest_route=%2Fwp%2Fv2%2Fcomments&post=168"}],"version-history":[{"count":8,"href":"https:\/\/www.immaginarierratici.it\/index.php?rest_route=\/wp\/v2\/pages\/168\/revisions"}],"predecessor-version":[{"id":659,"href":"https:\/\/www.immaginarierratici.it\/index.php?rest_route=\/wp\/v2\/pages\/168\/revisions\/659"}],"wp:attachment":[{"href":"https:\/\/www.immaginarierratici.it\/index.php?rest_route=%2Fwp%2Fv2%2Fmedia&parent=168"}],"curies":[{"name":"wp","href":"https:\/\/api.w.org\/{rel}","templated":true}]}}