{"id":216,"date":"2017-01-19T10:26:55","date_gmt":"2017-01-19T10:26:55","guid":{"rendered":"http:\/\/www.immaginarierratici.it\/?p=216"},"modified":"2026-05-14T15:55:49","modified_gmt":"2026-05-14T15:55:49","slug":"anni-ruggenti-il-cinema-italiano-dei-60-70","status":"publish","type":"page","link":"https:\/\/www.immaginarierratici.it\/?page_id=216","title":{"rendered":"ALL&#8217;INSEGUIMENTO DELL&#8217;UTOPIA:     IL CINEMA ITALIANO DEI \u201960 -\u201870"},"content":{"rendered":"<h3 style=\"text-align: center;\">IL FANTASMA DELLA LIBERTA&#8217;<\/h3>\n<p><a href=\"https:\/\/www.immaginarierratici.it\/wp-content\/uploads\/2017\/01\/60-1.jpg\"><img loading=\"lazy\" decoding=\"async\" class=\"aligncenter wp-image-218\" src=\"https:\/\/www.immaginarierratici.it\/wp-content\/uploads\/2017\/01\/60-1-300x161.jpg\" alt=\"60 1\" width=\"362\" height=\"194\" srcset=\"https:\/\/www.immaginarierratici.it\/wp-content\/uploads\/2017\/01\/60-1-300x161.jpg 300w, https:\/\/www.immaginarierratici.it\/wp-content\/uploads\/2017\/01\/60-1-768x412.jpg 768w, https:\/\/www.immaginarierratici.it\/wp-content\/uploads\/2017\/01\/60-1-1024x550.jpg 1024w, https:\/\/www.immaginarierratici.it\/wp-content\/uploads\/2017\/01\/60-1-800x430.jpg 800w, https:\/\/www.immaginarierratici.it\/wp-content\/uploads\/2017\/01\/60-1.jpg 1920w\" sizes=\"auto, (max-width: 362px) 100vw, 362px\" \/><\/a><\/p>\n<p>&#8212;\u201cAnni rabbiosi e mai appagati, quando ogni film realizzato rinviava ad un background collettivo che gli garantiva un surplus di senso e che lo riassorbiva in una fitta rete di assonanze, interferenze, complicit\u00e0. Come dire: negli anni sessanta quasi ogni film parlava al plurale e diceva \u201cnoi\u201d, mentre prima e dopo quel periodo anche il film animato dalle migliori intenzioni ci appare oggi (col senno del poi) condannato a non essere altro che un\u2019escrescenza o una protuberanza dell\u2019 \u201dio\u201d. Colpa o merito di un particolare e forse irripetibile spirito del tempo\u201d [Gianni Canova]<br \/>\n&#8212;Il cinema \u00e8 il medium che meglio di tutti \u00e8 in grado di continuare a riproporre miti e riti, e cio\u00e8 un insieme di simboli ed un insieme di gesti che recuperano esperienze sotto traccia, danno loro una veste, e le trasformano in pratiche da riconoscere ed in cui riconoscersi\u2026 [Francesco Casetti, \u201cL&#8217;occhio del Novecento\u201d]<\/p>\n<p><a href=\"https:\/\/www.immaginarierratici.it\/wp-content\/uploads\/2017\/01\/60-3.jpg\"><img loading=\"lazy\" decoding=\"async\" class=\"aligncenter wp-image-220\" src=\"https:\/\/www.immaginarierratici.it\/wp-content\/uploads\/2017\/01\/60-3-300x225.jpg\" alt=\"60 3\" width=\"335\" height=\"251\" srcset=\"https:\/\/www.immaginarierratici.it\/wp-content\/uploads\/2017\/01\/60-3-300x225.jpg 300w, https:\/\/www.immaginarierratici.it\/wp-content\/uploads\/2017\/01\/60-3.jpg 640w\" sizes=\"auto, (max-width: 335px) 100vw, 335px\" \/><\/a><\/p>\n<p>Sono anni di profonde trasformazioni negli assetti dell\u2019istituzione cinema: ristrutturazioni \u00a0a livello produttivo, una cinematografia in grado di coniugare spettacolo e qualit\u00e0, lo schiudersi delle porte ad una quantit\u00e0 di registi esordienti cos\u00ec come di nuovi attori ed operatori del settore.<\/p>\n<p><a href=\"https:\/\/www.immaginarierratici.it\/wp-content\/uploads\/2017\/01\/60-5.png\"><img loading=\"lazy\" decoding=\"async\" class=\"aligncenter wp-image-222\" src=\"https:\/\/www.immaginarierratici.it\/wp-content\/uploads\/2017\/01\/60-5-300x169.png\" alt=\"60 5\" width=\"337\" height=\"190\" srcset=\"https:\/\/www.immaginarierratici.it\/wp-content\/uploads\/2017\/01\/60-5-300x169.png 300w, https:\/\/www.immaginarierratici.it\/wp-content\/uploads\/2017\/01\/60-5-768x434.png 768w, https:\/\/www.immaginarierratici.it\/wp-content\/uploads\/2017\/01\/60-5-800x452.png 800w, https:\/\/www.immaginarierratici.it\/wp-content\/uploads\/2017\/01\/60-5.png 1016w\" sizes=\"auto, (max-width: 337px) 100vw, 337px\" \/><\/a><\/p>\n<p>E, sul piano della fruizione, aumento dei consumi ma anche raffinarsi della domanda da parte di un pubblico pi\u00f9 esigente e consapevole (sviluppo dei circuiti d\u2019essai e diffusione della cinefilia, intesa come aspirazione ad una solida formazione cinematografica).<\/p>\n<p><a href=\"https:\/\/www.immaginarierratici.it\/wp-content\/uploads\/2017\/01\/60-4.jpg\"><img loading=\"lazy\" decoding=\"async\" class=\"aligncenter wp-image-221\" src=\"https:\/\/www.immaginarierratici.it\/wp-content\/uploads\/2017\/01\/60-4-300x181.jpg\" alt=\"60 4\" width=\"348\" height=\"210\" srcset=\"https:\/\/www.immaginarierratici.it\/wp-content\/uploads\/2017\/01\/60-4-300x181.jpg 300w, https:\/\/www.immaginarierratici.it\/wp-content\/uploads\/2017\/01\/60-4.jpg 600w\" sizes=\"auto, (max-width: 348px) 100vw, 348px\" \/><\/a><\/p>\n<p>Modifiche anche negli orizzonti della narrazione, con maggiore ricchezza e densit\u00e0 delle storie e profonde trasformazioni nelle modalit\u00e0 della loro organizzazione, con racconti che superano la linearit\u00e0 a favore di strutturazioni temporali, spaziali e logiche pi\u00f9 complesse nella distribuzione dei segmenti narrativi.<\/p>\n<p><a href=\"https:\/\/www.immaginarierratici.it\/wp-content\/uploads\/2017\/01\/60-8.jpg\"><img loading=\"lazy\" decoding=\"async\" class=\"aligncenter wp-image-225\" src=\"https:\/\/www.immaginarierratici.it\/wp-content\/uploads\/2017\/01\/60-8-300x162.jpg\" alt=\"60 8\" width=\"341\" height=\"184\" srcset=\"https:\/\/www.immaginarierratici.it\/wp-content\/uploads\/2017\/01\/60-8-300x162.jpg 300w, https:\/\/www.immaginarierratici.it\/wp-content\/uploads\/2017\/01\/60-8.jpg 624w\" sizes=\"auto, (max-width: 341px) 100vw, 341px\" \/><\/a><\/p>\n<p>Ed ancora, sul piano espressivo (grazie anche agli sviluppi tecnologici), espandersi delle modalit\u00e0 linguistiche visive (pianisequenza, movimenti di macchina liberi ecc.) e sonore (nuove complessit\u00e0 nel mixage della colonna sonora).<\/p>\n<p><a href=\"https:\/\/www.immaginarierratici.it\/wp-content\/uploads\/2017\/01\/60-7-e1485008760594.jpg\"><img loading=\"lazy\" decoding=\"async\" class=\"aligncenter wp-image-224\" src=\"https:\/\/www.immaginarierratici.it\/wp-content\/uploads\/2017\/01\/60-7-e1485008760594-300x167.jpg\" width=\"340\" height=\"189\" srcset=\"https:\/\/www.immaginarierratici.it\/wp-content\/uploads\/2017\/01\/60-7-e1485008760594-300x167.jpg 300w, https:\/\/www.immaginarierratici.it\/wp-content\/uploads\/2017\/01\/60-7-e1485008760594-768x427.jpg 768w, https:\/\/www.immaginarierratici.it\/wp-content\/uploads\/2017\/01\/60-7-e1485008760594-800x445.jpg 800w, https:\/\/www.immaginarierratici.it\/wp-content\/uploads\/2017\/01\/60-7-e1485008760594.jpg 998w\" sizes=\"auto, (max-width: 340px) 100vw, 340px\" \/><\/a><\/p>\n<p>Una \u201ctensione verso il nuovo\u201d che si evidenzia, soprattutto, nell\u2019apertura a tematiche scomode (o rimosse nel decennio precedente) che vanno ad allargare un immaginario collettivo asfittico; \u201cun nuovo\u201d testimoniato anche dall\u2019allargarsi delle maglie della censura.<br \/>\nSi parla correntemente di cinema dell\u2019 \u201cimpegno\u201d, di cinema del \u201cmessaggio\u201d, all\u2019interno di un panorama socioculturale in cui maggiormente si evidenziano le interrelazioni tra la produzione filmica ed un contesto politico ed ideologico in piena, utopica ebollizione.<\/p>\n<p><a href=\"https:\/\/www.immaginarierratici.it\/wp-content\/uploads\/2017\/01\/60-6-e1485008661842.png\"><img loading=\"lazy\" decoding=\"async\" class=\"aligncenter wp-image-223 \" src=\"https:\/\/www.immaginarierratici.it\/wp-content\/uploads\/2017\/01\/60-6-e1485008661842-300x160.png\" width=\"380\" height=\"202\" srcset=\"https:\/\/www.immaginarierratici.it\/wp-content\/uploads\/2017\/01\/60-6-e1485008661842-300x160.png 300w, https:\/\/www.immaginarierratici.it\/wp-content\/uploads\/2017\/01\/60-6-e1485008661842-768x409.png 768w, https:\/\/www.immaginarierratici.it\/wp-content\/uploads\/2017\/01\/60-6-e1485008661842-1024x545.png 1024w, https:\/\/www.immaginarierratici.it\/wp-content\/uploads\/2017\/01\/60-6-e1485008661842-800x426.png 800w, https:\/\/www.immaginarierratici.it\/wp-content\/uploads\/2017\/01\/60-6-e1485008661842.png 1280w\" sizes=\"auto, (max-width: 380px) 100vw, 380px\" \/><\/a><\/p>\n<p>Un cinema, quello dei \u201960 e \u201970, in grado di interpretare e riarticolare le tensioni di quel tempo, ponendosi ora come testimone ora come cassa di risonanza e guida; e contemporaneamente in grado di trasformare in spettacolo quell\u2019universo in accelerata trasformazione.<\/p>\n","protected":false},"excerpt":{"rendered":"<p>IL FANTASMA DELLA LIBERTA&#8217; &#8212;\u201cAnni rabbiosi e mai appagati, quando ogni film realizzato rinviava ad un background collettivo che gli garantiva un surplus di senso e che lo riassorbiva in una fitta rete di assonanze, interferenze, complicit\u00e0. Come dire: negli anni sessanta quasi ogni film parlava al plurale e diceva \u201cnoi\u201d, mentre prima e dopo&#8230;<\/p>\n","protected":false},"author":2,"featured_media":0,"parent":0,"menu_order":0,"comment_status":"open","ping_status":"open","template":"nosidebar.php","meta":{"footnotes":""},"class_list":["post-216","page","type-page","status-publish","hentry"],"_links":{"self":[{"href":"https:\/\/www.immaginarierratici.it\/index.php?rest_route=\/wp\/v2\/pages\/216","targetHints":{"allow":["GET"]}}],"collection":[{"href":"https:\/\/www.immaginarierratici.it\/index.php?rest_route=\/wp\/v2\/pages"}],"about":[{"href":"https:\/\/www.immaginarierratici.it\/index.php?rest_route=\/wp\/v2\/types\/page"}],"author":[{"embeddable":true,"href":"https:\/\/www.immaginarierratici.it\/index.php?rest_route=\/wp\/v2\/users\/2"}],"replies":[{"embeddable":true,"href":"https:\/\/www.immaginarierratici.it\/index.php?rest_route=%2Fwp%2Fv2%2Fcomments&post=216"}],"version-history":[{"count":8,"href":"https:\/\/www.immaginarierratici.it\/index.php?rest_route=\/wp\/v2\/pages\/216\/revisions"}],"predecessor-version":[{"id":1251,"href":"https:\/\/www.immaginarierratici.it\/index.php?rest_route=\/wp\/v2\/pages\/216\/revisions\/1251"}],"wp:attachment":[{"href":"https:\/\/www.immaginarierratici.it\/index.php?rest_route=%2Fwp%2Fv2%2Fmedia&parent=216"}],"curies":[{"name":"wp","href":"https:\/\/api.w.org\/{rel}","templated":true}]}}