{"id":330,"date":"2017-01-26T10:40:37","date_gmt":"2017-01-26T10:40:37","guid":{"rendered":"http:\/\/www.immaginarierratici.it\/?p=330"},"modified":"2026-05-13T08:42:58","modified_gmt":"2026-05-13T08:42:58","slug":"la-narrativita-nel-cinema","status":"publish","type":"page","link":"https:\/\/www.immaginarierratici.it\/?page_id=330","title":{"rendered":"L&#8217;APPARATO NARRATIVO NEL CINEMA"},"content":{"rendered":"<h2 style=\"text-align: center;\"><strong>CINEMA DISPOSITIVO AFFABULATORE PER ECCELLENZA<\/strong><\/h2>\n<p>&#8212;\u201cPer me girare un film \u00e8 soprattutto raccontare\u201d [Hitchcock]<br \/>\n&#8212;\u201cOggi non \u00e8 pi\u00f9 la letteratura a offrire i racconti di cui ogni societ\u00e0 sembra aver bisogno per vivere, bens\u00ec il cinema\u201d [Tzvetan Todorov]<br \/>\n&#8212;\u201cMaddal\u00e9, so\u2019 tutte favole!\u201d (cos\u00ec Spartaco, alias Gastone Renzelli, ammonisce la moglie, Anna Magnani,\u00a0 infatuata delle storie che \u201csente\u201d scorrere sullo schermo vicino al suo seminterrato in \u201cBellissima\u201d).<strong><br \/>\n<a href=\"https:\/\/www.immaginarierratici.it\/wp-content\/uploads\/2017\/01\/bellissima-L-hnBsO9.jpeg\"><img loading=\"lazy\" decoding=\"async\" class=\"aligncenter wp-image-331\" src=\"https:\/\/www.immaginarierratici.it\/wp-content\/uploads\/2017\/01\/bellissima-L-hnBsO9-300x221.jpeg\" alt=\"bellissima-L-hnBsO9\" width=\"371\" height=\"273\" srcset=\"https:\/\/www.immaginarierratici.it\/wp-content\/uploads\/2017\/01\/bellissima-L-hnBsO9-300x221.jpeg 300w, https:\/\/www.immaginarierratici.it\/wp-content\/uploads\/2017\/01\/bellissima-L-hnBsO9.jpeg 400w\" sizes=\"auto, (max-width: 371px) 100vw, 371px\" \/><\/a><\/strong><\/p>\n<p>Il cinema, dopo qualche esitazione iniziale, imbocca decisamente la strada della narrativit\u00e0 e, nell\u2019arco di un paio di decenni dalla nascita, affina le proprie strategie del raccontare, innervandole, a livello di struttura, nel tessuto di quelle letterarie, gi\u00e0 da tempo consolidate e collaudate.<\/p>\n<p><a href=\"https:\/\/www.immaginarierratici.it\/wp-content\/uploads\/2017\/01\/narr-1.jpg\"><img loading=\"lazy\" decoding=\"async\" class=\"aligncenter size-medium wp-image-332\" src=\"https:\/\/www.immaginarierratici.it\/wp-content\/uploads\/2017\/01\/narr-1-300x199.jpg\" alt=\"narr 1\" width=\"300\" height=\"199\" srcset=\"https:\/\/www.immaginarierratici.it\/wp-content\/uploads\/2017\/01\/narr-1-300x199.jpg 300w, https:\/\/www.immaginarierratici.it\/wp-content\/uploads\/2017\/01\/narr-1.jpg 768w\" sizes=\"auto, (max-width: 300px) 100vw, 300px\" \/><\/a><\/p>\n<p>L\u2019oggetto film viene dunque \u00a0proposto, confezionato e fruito come \u201cfinzione narrativa a connotazione spettacolare\u201d \u00a0mentre, da parte dello spettatore, si radicalizza il desiderio, tutto sfasato in avanti, di sapere come la fabula prosegue, \u201ccome andr\u00e0 a finire\u201d.<br \/>\nCos\u00ec il cinema diventer\u00e0 uno dei pi\u00f9 grandi dispensatore di racconti del \u2018900, una delle maggiori e pi\u00f9 efficaci fonti di nutrimento del nostro immaginario.<br \/>\nE le produzioni non narrative (Avanguardie storiche, Cin\u00e9ma V\u00e9rit\u00e9, Underground ecc.) saranno confinate in territori appositi, spazi nobili ma dalla fruizione limitata (festival, sale d\u2019essai, manifestazioni di nicchia).<\/p>\n<p><a href=\"https:\/\/www.immaginarierratici.it\/wp-content\/uploads\/2017\/01\/Narr-11.jpg\"><img loading=\"lazy\" decoding=\"async\" class=\"aligncenter wp-image-333\" src=\"https:\/\/www.immaginarierratici.it\/wp-content\/uploads\/2017\/01\/Narr-11-300x132.jpg\" alt=\"Narr 11\" width=\"462\" height=\"203\" srcset=\"https:\/\/www.immaginarierratici.it\/wp-content\/uploads\/2017\/01\/Narr-11-300x132.jpg 300w, https:\/\/www.immaginarierratici.it\/wp-content\/uploads\/2017\/01\/Narr-11-768x339.jpg 768w, https:\/\/www.immaginarierratici.it\/wp-content\/uploads\/2017\/01\/Narr-11-800x353.jpg 800w, https:\/\/www.immaginarierratici.it\/wp-content\/uploads\/2017\/01\/Narr-11.jpg 1020w\" sizes=\"auto, (max-width: 462px) 100vw, 462px\" \/><\/a><\/p>\n<p style=\"text-align: left;\"><strong>LA STRUTTURA NARRATIVA<\/strong><strong><br \/>\n<\/strong>Si costituisce un tutt\u2019uno strutturato\u00a0e coeso, una organizzazione narrativa pi\u00f9 o meno complessa fatta di diversificazioni della voce narrante, di alternanza o convivenza di azioni e descrizioni, di modellamento e modulazione di caratteri e psicologie, di elaborazione di temporalit\u00e0 dagli andamenti diversificati, di strutturazione di spazi e di ambienti, di incastri di relazioni causali, di circolarit\u00e0 narrative, di modulazioni drammaturgiche, di utilizzo di strumenti narrativi, di produzione di sistemi di valori\u2026<\/p>\n<p><a href=\"https:\/\/www.immaginarierratici.it\/wp-content\/uploads\/2017\/01\/narr-13.jpg\"><img loading=\"lazy\" decoding=\"async\" class=\"aligncenter size-medium wp-image-335\" src=\"https:\/\/www.immaginarierratici.it\/wp-content\/uploads\/2017\/01\/narr-13-300x225.jpg\" alt=\"narr 13\" width=\"300\" height=\"225\" srcset=\"https:\/\/www.immaginarierratici.it\/wp-content\/uploads\/2017\/01\/narr-13-300x225.jpg 300w, https:\/\/www.immaginarierratici.it\/wp-content\/uploads\/2017\/01\/narr-13.jpg 768w\" sizes=\"auto, (max-width: 300px) 100vw, 300px\" \/><\/a><\/p>\n<p><strong>LO STRUMENTO: LA SCENEGGIATURA<br \/>\n<\/strong>&#8212;\u201cL\u2019autore della sceneggiatura \u00e8 come il guardiano del faro; tutti vedono il faro ma nessuno vede lui\u201d [Age]<br \/>\n&#8212;\u201cUna buona sceneggiatura cinematografica scarta tutto quello che non potrebbe essere reso visibile\u201d [Richter, 1929]<\/p>\n<p><a href=\"https:\/\/www.immaginarierratici.it\/wp-content\/uploads\/2017\/01\/narr-15.jpg\"><img loading=\"lazy\" decoding=\"async\" class=\"size-medium wp-image-336 aligncenter\" src=\"https:\/\/www.immaginarierratici.it\/wp-content\/uploads\/2017\/01\/narr-15-300x200.jpg\" alt=\"Regisseur Francois Truffaut bei Dreharbeiten zu &quot;Das Geheimnis der falschen Braut&quot; (La sirene du Mississippi; FR\/IT 1968\/69) mit Catherine Deneuve \/ Drehbuch besprechen, Drehbesprechung, Frau Zigarette, Drehpause \/------WICHTIG: Nutzung nur redaktionell mit Filmtitelnennung bzw. Berichterstattung \u00fcber diesen Film. Buch- und Kalendernutzung nur nach Absprache. ------IMPORTANT: To be used solely for editorial coverage of this specific motion picture\/TV programme. \/ ACHTUNG: KEINE NUTZUNG IN FRANKREICH - NOT FOR USE IN FRANCE\" width=\"300\" height=\"200\" srcset=\"https:\/\/www.immaginarierratici.it\/wp-content\/uploads\/2017\/01\/narr-15-300x200.jpg 300w, https:\/\/www.immaginarierratici.it\/wp-content\/uploads\/2017\/01\/narr-15.jpg 640w\" sizes=\"auto, (max-width: 300px) 100vw, 300px\" \/><\/a><\/p>\n<p>Quanto conta la sceneggiatura nell\u2019economia di un film? Quanto viene \u201ctradita\u201d in fase di produzione e postproduzione? Quanto lo sceneggiatore \u00e8 \u201cautore\u201d del film? Quanto \u00e8 corresponsabile del risultato finale?<br \/>\nLa sceneggiatura come descrizione pi\u00f9 o meno coerente, precisa, sistematica di una serie di luoghi, tempi, eventi, situazioni, azioni, personaggi e dialoghi connessi tra loro secondo determinati criteri.<br \/>\nUn raccontare particolare, connotato dal suo essere in funzione delle immagini e dei suoni, la materia espressiva che poi gli dar\u00e0 vita sostanziandosi nel film.<\/p>\n<p style=\"text-align: left;\"><strong>LA LETTERATURA COME SERBATOIO: L\u2019ADATTAMENTO<br \/>\n<\/strong>Un enorme archivio (il deposito-scantinato di \u201cQuarto potere\u201d) di opere ma anche temi, motivi, situazioni, personaggi in cui il cinema fruga e fa man bassa di materiali.<br \/>\nAttingere al patrimonio letterario, ed in particolare alla trasposizione dei classici, offre infatti al cinema una sorta di salvacondotto finanziario, una garanzia fondata sulla notoriet\u00e0 delle opere adattate, un valore aggiunto che dal testo letterario si trasferisce a quello filmico.<\/p>\n<p style=\"text-align: left;\"><img loading=\"lazy\" decoding=\"async\" class=\"aligncenter size-medium wp-image-337\" src=\"https:\/\/www.immaginarierratici.it\/wp-content\/uploads\/2017\/01\/narr-16-300x182.jpg\" alt=\"narr 16\" width=\"300\" height=\"182\" srcset=\"https:\/\/www.immaginarierratici.it\/wp-content\/uploads\/2017\/01\/narr-16-300x182.jpg 300w, https:\/\/www.immaginarierratici.it\/wp-content\/uploads\/2017\/01\/narr-16.jpg 607w\" sizes=\"auto, (max-width: 300px) 100vw, 300px\" \/><\/p>\n<p>Ma la trasposizione di un testo letterario conosciuto, se da una parte ne segnala la duttilit\u00e0, dall\u2019altra testimonia la capacit\u00e0 del testo filmico di produrre nuove elaborazioni ed interpretazioni.<\/p>\n<p><a href=\"https:\/\/www.immaginarierratici.it\/wp-content\/uploads\/2017\/01\/narr-17.jpg\"><img loading=\"lazy\" decoding=\"async\" class=\"aligncenter size-medium wp-image-338\" src=\"https:\/\/www.immaginarierratici.it\/wp-content\/uploads\/2017\/01\/narr-17-217x300.jpg\" alt=\"narr 17\" width=\"217\" height=\"300\" srcset=\"https:\/\/www.immaginarierratici.it\/wp-content\/uploads\/2017\/01\/narr-17-217x300.jpg 217w, https:\/\/www.immaginarierratici.it\/wp-content\/uploads\/2017\/01\/narr-17.jpg 514w\" sizes=\"auto, (max-width: 217px) 100vw, 217px\" \/><\/a><\/p>\n","protected":false},"excerpt":{"rendered":"<p>CINEMA DISPOSITIVO AFFABULATORE PER ECCELLENZA &#8212;\u201cPer me girare un film \u00e8 soprattutto raccontare\u201d [Hitchcock] &#8212;\u201cOggi non \u00e8 pi\u00f9 la letteratura a offrire i racconti di cui ogni societ\u00e0 sembra aver bisogno per vivere, bens\u00ec il cinema\u201d [Tzvetan Todorov] &#8212;\u201cMaddal\u00e9, so\u2019 tutte favole!\u201d (cos\u00ec Spartaco, alias Gastone Renzelli, ammonisce la moglie, Anna Magnani,\u00a0 infatuata delle storie&#8230;<\/p>\n","protected":false},"author":2,"featured_media":0,"parent":0,"menu_order":0,"comment_status":"open","ping_status":"open","template":"nosidebar.php","meta":{"footnotes":""},"class_list":["post-330","page","type-page","status-publish","hentry"],"_links":{"self":[{"href":"https:\/\/www.immaginarierratici.it\/index.php?rest_route=\/wp\/v2\/pages\/330","targetHints":{"allow":["GET"]}}],"collection":[{"href":"https:\/\/www.immaginarierratici.it\/index.php?rest_route=\/wp\/v2\/pages"}],"about":[{"href":"https:\/\/www.immaginarierratici.it\/index.php?rest_route=\/wp\/v2\/types\/page"}],"author":[{"embeddable":true,"href":"https:\/\/www.immaginarierratici.it\/index.php?rest_route=\/wp\/v2\/users\/2"}],"replies":[{"embeddable":true,"href":"https:\/\/www.immaginarierratici.it\/index.php?rest_route=%2Fwp%2Fv2%2Fcomments&post=330"}],"version-history":[{"count":4,"href":"https:\/\/www.immaginarierratici.it\/index.php?rest_route=\/wp\/v2\/pages\/330\/revisions"}],"predecessor-version":[{"id":1206,"href":"https:\/\/www.immaginarierratici.it\/index.php?rest_route=\/wp\/v2\/pages\/330\/revisions\/1206"}],"wp:attachment":[{"href":"https:\/\/www.immaginarierratici.it\/index.php?rest_route=%2Fwp%2Fv2%2Fmedia&parent=330"}],"curies":[{"name":"wp","href":"https:\/\/api.w.org\/{rel}","templated":true}]}}