{"id":852,"date":"2021-09-28T10:43:58","date_gmt":"2021-09-28T10:43:58","guid":{"rendered":"https:\/\/www.immaginarierratici.it\/?page_id=852"},"modified":"2026-05-14T16:24:29","modified_gmt":"2026-05-14T16:24:29","slug":"la-serialita","status":"publish","type":"page","link":"https:\/\/www.immaginarierratici.it\/?page_id=852","title":{"rendered":"LA SERIALITA&#8217;: I NUOVI TERRITORI DELLA NARRAZIONE"},"content":{"rendered":"\n<p><font _mstmutation=\"1\" _msthash=\"989768\"><\/font><\/p>\n\n\n\n<p>&#8212; &#8220;Oggi tutti parlano di serie TV; per gli appassionati sono l&#8217;oggetto di un continuo discorso sociale; per la stampa fanno notizia e sollecitano analisi e situazioni; per gli studiosi sono il simbolo delle grandi e talvolta imprevedibili potenzialit\u00e0 narrative dei media. <br>La serialit\u00e0 contemporanea si riassume nel termine &#8220;complessit\u00e0&#8221;: la televisione, il cinema e il web contribuiscono a costruire un racconto denso e affascinante&#8221;[Daniela Cardini; &#8220;TV lunga&#8221;].<br><\/p>\n\n\n<div class=\"wp-block-image\">\n<figure class=\"aligncenter size-full\"><a href=\"https:\/\/www.immaginarierratici.it\/wp-content\/uploads\/2021\/09\/casa-di-carta-web-1.jpeg\"><img loading=\"lazy\" decoding=\"async\" width=\"640\" height=\"360\" src=\"https:\/\/www.immaginarierratici.it\/wp-content\/uploads\/2021\/09\/casa-di-carta-web-1.jpeg\" alt=\"\" class=\"wp-image-890\" srcset=\"https:\/\/www.immaginarierratici.it\/wp-content\/uploads\/2021\/09\/casa-di-carta-web-1.jpeg 640w, https:\/\/www.immaginarierratici.it\/wp-content\/uploads\/2021\/09\/casa-di-carta-web-1-300x169.jpeg 300w\" sizes=\"auto, (max-width: 640px) 100vw, 640px\" \/><\/a><figcaption class=\"wp-element-caption\"><font _mstmutation=\"1\" _msthash=\"905931\"><\/font><\/figcaption><\/figure>\n<\/div>\n\n\n<p class=\"has-text-align-center\"><strong>LE AREE TEMATICHE<\/strong><\/p>\n\n\n\n<p>&#8212; Passioni collettive: il potere seduttivo della narrazione seriale<\/p>\n\n\n\n<p>&#8212; La serialit\u00e0 \u00e8 maggiorenne; la Golden Age, 2000\/2020<\/p>\n\n\n\n<p>&#8212; Cinema e serialit\u00e0: postcinema per una nuova &#8220;fabbrica dei sogni&#8221;?<\/p>\n\n\n\n<p>&#8212; Il testo espanso: tipologia e formati della serialit\u00e0<\/p>\n\n\n\n<p>&#8212; Fabbricare mondi: il serial, serialit\u00e0 &#8220;senza fine&#8221;<\/p>\n\n\n\n<p>&#8212; Lo schermo empatico: modalit\u00e0 e meccanismi della fruizione<br><br><\/p>\n\n\n<div class=\"wp-block-image\">\n<figure class=\"aligncenter size-full\"><a href=\"https:\/\/www.immaginarierratici.it\/wp-content\/uploads\/2021\/09\/1552643354_cq5dam.web_.1200.675-web-3.jpg\"><img loading=\"lazy\" decoding=\"async\" width=\"640\" height=\"360\" src=\"https:\/\/www.immaginarierratici.it\/wp-content\/uploads\/2021\/09\/1552643354_cq5dam.web_.1200.675-web-3.jpg\" alt=\"\" class=\"wp-image-888\" srcset=\"https:\/\/www.immaginarierratici.it\/wp-content\/uploads\/2021\/09\/1552643354_cq5dam.web_.1200.675-web-3.jpg 640w, https:\/\/www.immaginarierratici.it\/wp-content\/uploads\/2021\/09\/1552643354_cq5dam.web_.1200.675-web-3-300x169.jpg 300w\" sizes=\"auto, (max-width: 640px) 100vw, 640px\" \/><\/a><figcaption class=\"wp-element-caption\"><font _mstmutation=\"1\" _msthash=\"987207\"><\/font><\/figcaption><\/figure>\n<\/div>\n\n\n<p class=\"has-text-align-center\"><strong>I MATERIALI: LE SERIE DI RIFERIMENTO<\/strong><\/p>\n\n\n\n<p class=\"has-text-align-center\">Fargo (prima stagione), Hollywood, Chiami il mio agente (Dix pur cent), I Soprano, Breaking Bad, Unhorthodox, Mad Men, Il trono di spade, Boris, Black Mirror, La casa di carta, Criminal, The Young Pope, The New Pope, La regina degli scacchi.<font _mstmutation=\"1\" _msthash=\"1084889\"><\/font><\/p>\n\n\n\n<p><font _mstmutation=\"1\" _msthash=\"1046825\"><\/font><\/p>\n\n\n<div class=\"wp-block-image\">\n<figure class=\"aligncenter size-full\"><a href=\"https:\/\/www.immaginarierratici.it\/wp-content\/uploads\/2021\/09\/La-regina-degli-scacchi-web-2.jpg\"><img loading=\"lazy\" decoding=\"async\" width=\"640\" height=\"360\" src=\"https:\/\/www.immaginarierratici.it\/wp-content\/uploads\/2021\/09\/La-regina-degli-scacchi-web-2.jpg\" alt=\"\" class=\"wp-image-861\" srcset=\"https:\/\/www.immaginarierratici.it\/wp-content\/uploads\/2021\/09\/La-regina-degli-scacchi-web-2.jpg 640w, https:\/\/www.immaginarierratici.it\/wp-content\/uploads\/2021\/09\/La-regina-degli-scacchi-web-2-300x169.jpg 300w\" sizes=\"auto, (max-width: 640px) 100vw, 640px\" \/><\/a><figcaption class=\"wp-element-caption\"><font _mstmutation=\"1\" _msthash=\"703469\"><\/font><\/figcaption><\/figure>\n<\/div>","protected":false},"excerpt":{"rendered":"<p>&#8212; &#8220;Oggi tutti parlano di serie TV; per gli appassionati sono l&#8217;oggetto di un continuo discorso sociale; per la stampa fanno notizia e sollecitano analisi e situazioni; per gli studiosi sono il simbolo delle grandi e talvolta imprevedibili potenzialit\u00e0 narrative dei media. La serialit\u00e0 contemporanea si riassume nel termine &#8220;complessit\u00e0&#8221;: la televisione, il cinema e&#8230;<\/p>\n","protected":false},"author":3,"featured_media":0,"parent":0,"menu_order":0,"comment_status":"closed","ping_status":"closed","template":"nosidebar.php","meta":{"footnotes":""},"class_list":["post-852","page","type-page","status-publish","hentry"],"_links":{"self":[{"href":"https:\/\/www.immaginarierratici.it\/index.php?rest_route=\/wp\/v2\/pages\/852","targetHints":{"allow":["GET"]}}],"collection":[{"href":"https:\/\/www.immaginarierratici.it\/index.php?rest_route=\/wp\/v2\/pages"}],"about":[{"href":"https:\/\/www.immaginarierratici.it\/index.php?rest_route=\/wp\/v2\/types\/page"}],"author":[{"embeddable":true,"href":"https:\/\/www.immaginarierratici.it\/index.php?rest_route=\/wp\/v2\/users\/3"}],"replies":[{"embeddable":true,"href":"https:\/\/www.immaginarierratici.it\/index.php?rest_route=%2Fwp%2Fv2%2Fcomments&post=852"}],"version-history":[{"count":11,"href":"https:\/\/www.immaginarierratici.it\/index.php?rest_route=\/wp\/v2\/pages\/852\/revisions"}],"predecessor-version":[{"id":1269,"href":"https:\/\/www.immaginarierratici.it\/index.php?rest_route=\/wp\/v2\/pages\/852\/revisions\/1269"}],"wp:attachment":[{"href":"https:\/\/www.immaginarierratici.it\/index.php?rest_route=%2Fwp%2Fv2%2Fmedia&parent=852"}],"curies":[{"name":"wp","href":"https:\/\/api.w.org\/{rel}","templated":true}]}}