{"id":948,"date":"2022-05-10T09:24:00","date_gmt":"2022-05-10T09:24:00","guid":{"rendered":"https:\/\/www.immaginarierratici.it\/?page_id=948"},"modified":"2026-05-14T16:03:47","modified_gmt":"2026-05-14T16:03:47","slug":"lombra-e-il-suo-potere","status":"publish","type":"page","link":"https:\/\/www.immaginarierratici.it\/?page_id=948","title":{"rendered":"ARTI VISIVE: L&#8217;OMBRA E I SUOI POTERI"},"content":{"rendered":"\n<p><\/p>\n\n\n\n<p><\/p>\n\n\n<p><font _mstmutation=\"1\" _msthash=\"1175018\"><\/p>\n\n<p><font _mstmutation=\"1\" _msthash=\"1057706\"><\/p>\n\n<p><font _mstmutation=\"1\" _msthash=\"980187\"><\/p>\n\n\n<p>&#8212;&#8220;Cosa vediamo nell&#8217;ombra? E dell&#8217;ombra cosa vediamo? In che modo, con quali risultati materiali o simbolici l&#8217;ombra influenza la visibilit\u00e0 del mondo e la sua intelligibilit\u00e0?&#8221;  [Max Milner, &#8220;L&#8217;envers du visible&#8221;]<\/p>\n\n\n\n<p>L&#8217;ombra \u00e8 effimera, sfuggente appartiene al nostro mondo percettivo ma appare e scompare; una apparizione fantasmatica che non possiamo afferrare ma che rimane segno, testimonianza di un qualcosa di reale.<\/p>\n\n\n\n<p>Un addensamento del nero, \u201cun\u2019ombra sinistra\u201d, un sentore di inquietudine, una minaccia latente, una falsa conoscenza\u2026prospettive negative che accompagnano l\u2019elemento ombra nelle rappresentazioni letterarie, pittoriche, cinematografiche ecc.<\/p>\n\n\n\n<p>Infatti l&#8217;attenzione alle ombre trascende i singoli comparti disciplinari della cultura visuale (macchine ottiche, pittura, fotografia, cinema, installazioni ecc.) intersecandosi con altre discipline (psicanalisi, letteratura, filosofia ecc.) nel pi\u00f9 vasto ambito degli studi culturologici.<\/p>\n\n\n\n<p><strong>PIATTAFORMA<\/strong>: Zoom&nbsp;<\/p>\n\n\n<p><font _mstmutation=\"1\" _msthash=\"1089712\"><\/p>\n\n<figure class=\"wp-block-image size-full is-resized\"><a href=\"https:\/\/www.immaginarierratici.it\/wp-content\/uploads\/2022\/05\/image003-691x480-1.jpg\"><img loading=\"lazy\" decoding=\"async\" src=\"https:\/\/www.immaginarierratici.it\/wp-content\/uploads\/2022\/05\/image003-691x480-1.jpg\" alt=\"\" class=\"wp-image-957\" width=\"533\" height=\"370\" srcset=\"https:\/\/www.immaginarierratici.it\/wp-content\/uploads\/2022\/05\/image003-691x480-1.jpg 691w, https:\/\/www.immaginarierratici.it\/wp-content\/uploads\/2022\/05\/image003-691x480-1-300x208.jpg 300w\" sizes=\"auto, (max-width: 533px) 100vw, 533px\" \/><\/a><figcaption><font _mstmutation=\"1\" _msthash=\"702728\"><\/figcaption><\/figure>\n\n\n<p><font _mstmutation=\"1\" _msthash=\"1014390\"><\/font><\/p>\n","protected":false},"excerpt":{"rendered":"<p>&#8212;&#8220;Cosa vediamo nell&#8217;ombra? E dell&#8217;ombra cosa vediamo? In che modo, con quali risultati materiali o simbolici l&#8217;ombra influenza la visibilit\u00e0 del mondo e la sua intelligibilit\u00e0?&#8221; [Max Milner, &#8220;L&#8217;envers du visible&#8221;] L&#8217;ombra \u00e8 effimera, sfuggente appartiene al nostro mondo percettivo ma appare e scompare; una apparizione fantasmatica che non possiamo afferrare ma che rimane segno,&#8230;<\/p>\n","protected":false},"author":3,"featured_media":0,"parent":0,"menu_order":0,"comment_status":"closed","ping_status":"closed","template":"nosidebar.php","meta":{"footnotes":""},"class_list":["post-948","page","type-page","status-publish","hentry"],"_links":{"self":[{"href":"https:\/\/www.immaginarierratici.it\/index.php?rest_route=\/wp\/v2\/pages\/948","targetHints":{"allow":["GET"]}}],"collection":[{"href":"https:\/\/www.immaginarierratici.it\/index.php?rest_route=\/wp\/v2\/pages"}],"about":[{"href":"https:\/\/www.immaginarierratici.it\/index.php?rest_route=\/wp\/v2\/types\/page"}],"author":[{"embeddable":true,"href":"https:\/\/www.immaginarierratici.it\/index.php?rest_route=\/wp\/v2\/users\/3"}],"replies":[{"embeddable":true,"href":"https:\/\/www.immaginarierratici.it\/index.php?rest_route=%2Fwp%2Fv2%2Fcomments&post=948"}],"version-history":[{"count":9,"href":"https:\/\/www.immaginarierratici.it\/index.php?rest_route=\/wp\/v2\/pages\/948\/revisions"}],"predecessor-version":[{"id":1255,"href":"https:\/\/www.immaginarierratici.it\/index.php?rest_route=\/wp\/v2\/pages\/948\/revisions\/1255"}],"wp:attachment":[{"href":"https:\/\/www.immaginarierratici.it\/index.php?rest_route=%2Fwp%2Fv2%2Fmedia&parent=948"}],"curies":[{"name":"wp","href":"https:\/\/api.w.org\/{rel}","templated":true}]}}